{"id":15632,"date":"2023-12-15T04:59:31","date_gmt":"2023-12-15T04:59:31","guid":{"rendered":"https:\/\/informerazzi.ca\/?page_id=15632"},"modified":"2024-02-29T14:53:12","modified_gmt":"2024-02-29T19:53:12","slug":"our-territory","status":"publish","type":"page","link":"https:\/\/informerazzi.ca\/fr\/our-territory\/","title":{"rendered":"Territoire"},"content":{"rendered":"<div data-elementor-type=\"wp-page\" data-elementor-id=\"15632\" class=\"elementor elementor-15632\">\n\t\t\t\t<div class=\"wd-negative-gap elementor-element elementor-element-08f93be e-flex e-con-boxed e-con e-parent\" data-id=\"08f93be\" data-element_type=\"container\" data-e-type=\"container\">\n\t\t\t\t\t<div class=\"e-con-inner\">\n\t\t\t\t<div class=\"elementor-element elementor-element-6fe196c color-scheme-inherit text-left elementor-widget elementor-widget-text-editor\" data-id=\"6fe196c\" data-element_type=\"widget\" data-e-type=\"widget\" data-widget_type=\"text-editor.default\">\n\t\t\t\t<div class=\"elementor-widget-container\">\n\t\t\t\t\t\t\t\t\t<p style=\"text-align: center;\"><div class=\"vision-map vision-map-3\"data-json-src=\"https:\/\/informerazzi.ca\/fr\/wp-json\/vision\/v1\/item\/3\" data-item-id=\"3\" tabindex=\"1\"><div class=\"vision-img-placeholder\"><img decoding=\"async\" src=\"https:\/\/informerazzi.ca\/wp-content\/uploads\/2024\/02\/ReservXpert-Map-1930-x-2500.jpg\" width=\"100%\"\/><\/div><div class=\"vision-store\" style=\"display:none;\"><div class=\"vision-layers-data\"><div class=\"vision-layer\" data-layer-id=\"49f46dbe\"><\/div><div class=\"vision-layer\" data-layer-id=\"a3cfb8f6\"><\/div><div class=\"vision-layer\" data-layer-id=\"9b57a984\"><\/div><div class=\"vision-layer\" data-layer-id=\"59f66794\"><\/div><div class=\"vision-layer\" data-layer-id=\"3406c543\"><\/div><div class=\"vision-layer\" data-layer-id=\"852633e1\"><\/div><div class=\"vision-layer\" data-layer-id=\"928acc78\"><\/div><div class=\"vision-layer\" data-layer-id=\"1e489029\"><\/div><div class=\"vision-layer\" data-layer-id=\"7ede48fb\"><\/div><div class=\"vision-layer\" data-layer-id=\"1204b123\"><\/div><div class=\"vision-layer\" data-layer-id=\"55713108\"><\/div><div class=\"vision-layer\" data-layer-id=\"2c70891a\"><\/div><div class=\"vision-layer\" data-layer-id=\"57cb0d8c\"><\/div><div class=\"vision-layer\" data-layer-id=\"4914aea7\"><\/div><\/div><div class=\"vision-tooltips-data\"><div class=\"vision-data\" data-layer-id=\"49f46dbe\"><\/div><div class=\"vision-data\" data-layer-id=\"a3cfb8f6\"><\/div><div class=\"vision-data\" data-layer-id=\"9b57a984\"><p style=\"text-align: center;\"><a href=\"https:\/\/informerazzi.ca\/fr\/product\/du-nord-cottage\/\"><strong>du Nord<\/strong><\/a><\/p><\/div><div class=\"vision-data\" data-layer-id=\"59f66794\"><p style=\"text-align: center;\"><a href=\"https:\/\/informerazzi.ca\/fr\/product\/du-cerf-cottage\/\"><strong>du Cerf<\/strong><\/a><\/p><\/div><div class=\"vision-data\" data-layer-id=\"3406c543\"><p style=\"text-align: center;\"><a href=\"https:\/\/informerazzi.ca\/fr\/product\/alaska-cottage\/\"><strong>Alaska<\/strong><\/a><\/p><\/div><div class=\"vision-data\" data-layer-id=\"852633e1\"><p style=\"text-align: center;\"><a href=\"https:\/\/informerazzi.ca\/fr\/product\/yukon-cottage\/\"><strong>Yukon<\/strong><\/a><\/p><\/div><div class=\"vision-data\" data-layer-id=\"928acc78\"><p style=\"text-align: center;\"><a href=\"https:\/\/informerazzi.ca\/fr\/product\/suisse-cottage\/\"><strong>Suisse<\/strong><\/a><\/p><\/div><div class=\"vision-data\" data-layer-id=\"1e489029\"><p style=\"text-align: center;\"><a href=\"https:\/\/informerazzi.ca\/fr\/product\/faucon-cottage\/\"><strong>Faucon<\/strong><\/a><\/p><\/div><div class=\"vision-data\" data-layer-id=\"7ede48fb\"><p style=\"text-align: center;\"><a href=\"https:\/\/informerazzi.ca\/fr\/produit\/aigle-cottage\/\"><strong>Aigle<\/strong><\/a><\/p><\/div><div class=\"vision-data\" data-layer-id=\"1204b123\"><p style=\"text-align: center;\"><a href=\"https:\/\/informerazzi.ca\/fr\/\"><strong>Accueil<\/strong><\/a><\/p><\/div><div class=\"vision-data\" data-layer-id=\"55713108\"><\/div><div class=\"vision-data\" data-layer-id=\"2c70891a\"><\/div><div class=\"vision-data\" data-layer-id=\"57cb0d8c\"><\/div><div class=\"vision-data\" data-layer-id=\"4914aea7\"><\/div><\/div><div class=\"vision-popovers-data\"><div class=\"vision-data\" data-layer-id=\"49f46dbe\"><\/div><div class=\"vision-data\" data-layer-id=\"a3cfb8f6\"><\/div><div class=\"vision-data\" data-layer-id=\"9b57a984\"><p style=\"text-align: center;\"><strong>du Nord<br \/><br \/><a href=\"https:\/\/informerazzi.ca\/fr\/product\/du-nord-cottage\/\"><img fetchpriority=\"high\" decoding=\"async\" class=\"aligncenter wp-image-9400 size-medium\" title=\"Chalet Alaska, Yukon, du Nord, du Cerf\" src=\"https:\/\/informerazzi.ca\/wp-content\/uploads\/2023\/12\/Chalet-Alaska-Yukon-du-Nord-du-Cerf-00-300x225.jpg\" alt=\"Chalet Alaska, Yukon, du Nord, du Cerf\" width=\"300\" height=\"225\" \/><\/a><br \/><\/strong>De mai \u00e0 octobre uniquement.<br \/><span style=\"color: #111111; font-family: 'Plus Jakarta Sans', sans-serif;\">Ce g\u00eete a une capacit\u00e9 de 6 personnes.<br \/>Nous vous proposons 2 chambres<br \/><\/span><span style=\"text-align: center;\">avec un total de 2 lits doubles et 2 lits simples.<\/span><\/p><\/div><div class=\"vision-data\" data-layer-id=\"59f66794\"><p style=\"text-align: center;\"><strong>du Cerf<br \/><br \/><a href=\"https:\/\/informerazzi.ca\/fr\/product\/du-cerf-cottage\/\"><img fetchpriority=\"high\" decoding=\"async\" class=\"aligncenter wp-image-9400 size-medium\" title=\"Chalet Alaska, Yukon, du Nord, du Cerf\" src=\"https:\/\/informerazzi.ca\/wp-content\/uploads\/2023\/12\/Chalet-Alaska-Yukon-du-Nord-du-Cerf-00-300x225.jpg\" alt=\"Chalet Alaska, Yukon, du Nord, du Cerf\" width=\"300\" height=\"225\" \/><\/a><br \/><\/strong>De mai \u00e0 octobre uniquement.<br \/><span style=\"color: #111111; font-family: 'Plus Jakarta Sans', sans-serif;\">Ce g\u00eete a une capacit\u00e9 de 6 personnes.<br \/>Nous vous proposons 2 chambres<br \/><\/span><span style=\"text-align: center;\">avec un total de 2 lits doubles et 2 lits simples.<\/span><\/p><\/div><div class=\"vision-data\" data-layer-id=\"3406c543\"><p style=\"text-align: center;\"><strong style=\"text-align: center;\"><\/strong><strong>Alaska<\/strong><br \/><br \/><a href=\"https:\/\/informerazzi.ca\/fr\/product\/alaska-cottage\/\"><img fetchpriority=\"high\" decoding=\"async\" class=\"aligncenter wp-image-9400 size-medium\" title=\"Chalet Alaska, Yukon, du Nord, du Cerf\" src=\"https:\/\/informerazzi.ca\/wp-content\/uploads\/2023\/12\/Chalet-Alaska-Yukon-du-Nord-du-Cerf-00-300x225.jpg\" alt=\"Chalet Alaska, Yukon, du Nord, du Cerf\" width=\"300\" height=\"225\" \/><\/a><\/p> <p style=\"text-align: center;\"><span style=\"color: #111111; font-family: 'Plus Jakarta Sans', sans-serif; text-align: start;\">C'est le seul <\/span><span style=\"color: #111111; font-family: 'Plus Jakarta Sans', sans-serif; text-align: start;\">chalet situ\u00e9 sur les rives du lac Round.<br \/>Ce g\u00eete a une capacit\u00e9 de 6 personnes.<br \/>Nous vous proposons 2 chambres<br \/><\/span>avec un total de 2 lits doubles et 2 lits simples.<\/p> <p>\u00a0<\/p><\/div><div class=\"vision-data\" data-layer-id=\"852633e1\"><p style=\"text-align: center;\"><strong style=\"text-align: center;\"><\/strong><strong>Yukon<\/strong><br \/><br \/><a href=\"https:\/\/informerazzi.ca\/fr\/product\/yukon-cottage\/\"><img fetchpriority=\"high\" decoding=\"async\" class=\"aligncenter wp-image-9400 size-medium\" title=\"Chalet Alaska, Yukon, du Nord, du Cerf\" src=\"https:\/\/informerazzi.ca\/wp-content\/uploads\/2023\/12\/Chalet-Alaska-Yukon-du-Nord-du-Cerf-00-300x225.jpg\" alt=\"Chalet Alaska, Yukon, du Nord, du Cerf\" width=\"300\" height=\"225\" \/><\/a><\/p> <p style=\"text-align: center;\"><span style=\"text-align: start;\">C'est l'un des deux h\u00e9bergements que l'on trouve sur<br \/>les rives du lac Desroches.<br \/>Ce g\u00eete a une capacit\u00e9 de 6 personnes.<br \/>Nous vous proposons 2 chambres<br \/><\/span>avec un total de 2 lits doubles et 2 lits simples.<\/p> <p>\u00a0<\/p><\/div><div class=\"vision-data\" data-layer-id=\"928acc78\"><p style=\"text-align: center;\"><strong style=\"text-align: center;\"><\/strong><strong>Suisse<br \/><br \/><\/strong><a href=\"https:\/\/informerazzi.ca\/fr\/product\/suisse-cottage\/\"><img decoding=\"async\" class=\"aligncenter wp-image-9552 size-medium\" title=\"Domaine du Renard Bleu - Chalet Faucon, Aigle, Suisse\" src=\"https:\/\/informerazzi.ca\/wp-content\/uploads\/2023\/12\/Domaine-du-Renard-Bleu-Chalet-Faucon-Aigle-Suisse-00-300x225.jpg\" alt=\"Domaine du Renard Bleu - Chalet Faucon, Aigle, Suisse\" width=\"300\" height=\"225\" \/><\/a><\/p> <p style=\"text-align: center;\"><span style=\"color: #111111; font-family: 'Plus Jakarta Sans', sans-serif; text-align: start;\">Le chalet Suisse est le seul g\u00eete au bord du Lac des C\u00e8dres.<br \/><span style=\"color: #111111; font-family: Plus Jakarta Sans, sans-serif;\">Ce chalet a une capacit\u00e9 de 12 personnes.<\/span><br \/><span style=\"color: #111111; font-family: Plus Jakarta Sans, sans-serif;\">Nous vous proposons 4 chambres<\/span><br \/><\/span>avec un total de 2 lits doubles et 8 lits simples.<\/p> <p>\u00a0<\/p><\/div><div class=\"vision-data\" data-layer-id=\"1e489029\"><p style=\"text-align: center;\"><strong style=\"text-align: center;\"><\/strong><strong>Faucon<br \/><br \/><\/strong><a href=\"https:\/\/informerazzi.ca\/fr\/product\/faucon-cottage\/\"><img decoding=\"async\" class=\"aligncenter wp-image-9552 size-medium\" title=\"Domaine du Renard Bleu - Chalet Faucon, Aigle, Suisse\" src=\"https:\/\/informerazzi.ca\/wp-content\/uploads\/2023\/12\/Domaine-du-Renard-Bleu-Chalet-Faucon-Aigle-Suisse-00-300x225.jpg\" alt=\"Domaine du Renard Bleu - Chalet Faucon, Aigle, Suisse\" width=\"300\" height=\"225\" \/><\/a><\/p> <p style=\"text-align: center;\"><span style=\"color: #111111; font-family: 'Plus Jakarta Sans', sans-serif; text-align: start;\">Le chalet Faucon est l'un des deux g\u00eetes situ\u00e9s au bord du lac \u00e0 la Croix.<br \/><span style=\"color: #111111; font-family: Plus Jakarta Sans, sans-serif;\">Ce chalet a une capacit\u00e9 de 12 personnes.<\/span><br \/><span style=\"color: #111111; font-family: Plus Jakarta Sans, sans-serif;\">Nous vous proposons 4 chambres<\/span><br \/><\/span>avec un total de 2 lits doubles et 8 lits simples.<\/p> <p>\u00a0<\/p><\/div><div class=\"vision-data\" data-layer-id=\"7ede48fb\"><p style=\"text-align: center;\"><strong style=\"text-align: center;\"><\/strong><strong>Aigle<br \/><br \/><\/strong><a href=\"https:\/\/informerazzi.ca\/fr\/produit\/aigle-cottage\/\"><img decoding=\"async\" class=\"aligncenter wp-image-9552 size-medium\" title=\"Domaine du Renard Bleu - Chalet Faucon, Aigle, Suisse\" src=\"https:\/\/informerazzi.ca\/wp-content\/uploads\/2023\/12\/Domaine-du-Renard-Bleu-Chalet-Faucon-Aigle-Suisse-00-300x225.jpg\" alt=\"Domaine du Renard Bleu - Chalet Faucon, Aigle, Suisse\" width=\"300\" height=\"225\" \/><\/a><\/p> <p style=\"text-align: center;\"><span style=\"color: #111111; font-family: 'Plus Jakarta Sans', sans-serif; text-align: start;\">Le chalet Aigle est l'un des deux g\u00eetes situ\u00e9s au bord du lac \u00e0 la Croix.<br \/><span style=\"color: #111111; font-family: Plus Jakarta Sans, sans-serif;\">Ce chalet a une capacit\u00e9 de 12 personnes.<\/span><br \/><span style=\"color: #111111; font-family: Plus Jakarta Sans, sans-serif;\">Nous vous proposons 4 chambres<\/span><br \/><\/span>avec un total de 2 lits doubles et 8 lits simples.<\/p> <p>\u00a0<\/p><\/div><div class=\"vision-data\" data-layer-id=\"1204b123\"><p style=\"text-align: center;\"><strong style=\"text-align: center;\"><\/strong><strong>Accueil<\/strong><br \/><br \/><a href=\"https:\/\/informerazzi.ca\/fr\/\"><img decoding=\"async\" class=\"aligncenter wp-image-9668 size-medium\" title=\"Domaine du Renard Bleu - Accueil - Popover\" src=\"https:\/\/informerazzi.ca\/wp-content\/uploads\/2023\/12\/Domaine-du-Renard-Bleu-Accueil-Header-1200x640-1-300x160.jpg\" alt=\"Domaine du Renard Bleu - Accueil - Popover\" width=\"300\" height=\"160\" \/><\/a><br \/><\/p> <p style=\"text-align: center;\"><span style=\"text-align: start;\">Bienvenue \u00e0 l'Accueil de la<br \/><\/span><span style=\"color: #111111; font-family: 'Plus Jakarta Sans', sans-serif; text-align: start;\">Pourvoirie Domaine du Renard Bleu.<br \/><br \/><span style=\"color: #111111; font-family: Plus Jakarta Sans, sans-serif;\">Nous avons 23 chalets, 2 camps<br \/>22 Lacs et 8 Zones de chasse.<br \/><\/span><br \/><span style=\"color: #111111; font-family: Plus Jakarta Sans, sans-serif;\">Profitez d'un h\u00e9bergement pendant la p\u00eache ou la chasse<br \/>avec les membres de la famille et les amis !<\/span><br \/><\/span><\/p> <p>\u00a0<\/p><\/div><div class=\"vision-data\" data-layer-id=\"55713108\"><\/div><div class=\"vision-data\" data-layer-id=\"2c70891a\"><\/div><div class=\"vision-data\" data-layer-id=\"57cb0d8c\"><\/div><div class=\"vision-data\" data-layer-id=\"4914aea7\"><\/div><\/div><\/div><\/div><style>.vision-map-3 {}.vision-map-3 .vision-layers [data-layer-id=\"49f46dbe\"] .vision-body {background-image:url(https:\/\/informerazzi.ca\/wp-content\/uploads\/2024\/02\/Logo-ReservXpert-Round.png);background-size:contain;background-repeat:no-repeat;background-position:50% 50%;}.vision-map-3 .vision-layers [data-layer-id=\"a3cfb8f6\"] .vision-body {background-image:url(https:\/\/informerazzi.ca\/wp-content\/uploads\/2024\/02\/Logo-ReservXpert-Large.png);background-size:contain;background-repeat:no-repeat;background-position:50% 50%;}.vision-map-3 .vision-layers [data-layer-id=\"9b57a984\"] .vision-body {background-image:url(https:\/\/informerazzi.ca\/wp-content\/uploads\/2023\/12\/White-Target.jpg);background-size:contain;background-repeat:no-repeat;background-position:50% 50%;}.vision-map-3 .vision-layers [data-layer-id=\"59f66794\"] .vision-body {background-image:url(https:\/\/informerazzi.ca\/wp-content\/uploads\/2023\/12\/White-Target.jpg);background-size:contain;background-repeat:no-repeat;background-position:50% 50%;}.vision-map-3 .vision-layers [data-layer-id=\"3406c543\"] .vision-body {background-image:url(https:\/\/informerazzi.ca\/wp-content\/uploads\/2023\/12\/White-Target.jpg);background-size:contain;background-repeat:no-repeat;background-position:50% 50%;}.vision-map-3 .vision-layers [data-layer-id=\"852633e1\"] .vision-body {background-image:url(https:\/\/informerazzi.ca\/wp-content\/uploads\/2023\/12\/White-Target.jpg);background-size:contain;background-repeat:no-repeat;background-position:50% 50%;}.vision-map-3 .vision-layers [data-layer-id=\"928acc78\"] .vision-body {background-image:url(https:\/\/informerazzi.ca\/wp-content\/uploads\/2023\/12\/White-Target.jpg);background-size:contain;background-repeat:no-repeat;background-position:50% 50%;}.vision-map-3 .vision-layers [data-layer-id=\"1e489029\"] .vision-body {background-image:url(https:\/\/informerazzi.ca\/wp-content\/uploads\/2023\/12\/White-Target.jpg);background-size:contain;background-repeat:no-repeat;background-position:50% 50%;}.vision-map-3 .vision-layers [data-layer-id=\"7ede48fb\"] .vision-body {background-image:url(https:\/\/informerazzi.ca\/wp-content\/uploads\/2023\/12\/White-Target.jpg);background-size:contain;background-repeat:no-repeat;background-position:50% 50%;}.vision-map-3 .vision-layers [data-layer-id=\"1204b123\"] .vision-body {background-image:url(https:\/\/informerazzi.ca\/wp-content\/uploads\/2023\/12\/Green-Marker.png);background-size:contain;background-repeat:no-repeat;background-position:50% 50%;}.vision-map-3 .vision-layers [data-layer-id=\"55713108\"] .vision-body {background-image:url(https:\/\/informerazzi.ca\/wp-content\/uploads\/2023\/12\/White-Target.jpg);background-size:contain;background-repeat:no-repeat;background-position:50% 50%;}.vision-map-3 .vision-layers [data-layer-id=\"2c70891a\"] .vision-body {background-image:url(https:\/\/informerazzi.ca\/wp-content\/uploads\/2023\/12\/Green-Marker.png);background-size:contain;background-repeat:no-repeat;background-position:50% 50%;}.vision-map-3 .vision-layers [data-layer-id=\"57cb0d8c\"] .vision-body {background-image:url(https:\/\/informerazzi.ca\/wp-content\/uploads\/2023\/12\/PJ.png);background-size:contain;background-repeat:no-repeat;background-position:50% 50%;}.vision-map-3 .vision-layers [data-layer-id=\"4914aea7\"] .vision-body {background-image:url(https:\/\/informerazzi.ca\/wp-content\/uploads\/2023\/12\/PJ.png);background-size:contain;background-repeat:no-repeat;background-position:50% 50%;}<\/style><\/p>\t\t\t\t\t\t\t\t<\/div>\n\t\t\t\t<\/div>\n\t\t\t\t\t<\/div>\n\t\t\t\t<\/div>\n\t\t\t\t<\/div>","protected":false},"excerpt":{"rendered":"","protected":false},"author":2,"featured_media":0,"parent":0,"menu_order":0,"comment_status":"closed","ping_status":"closed","template":"","meta":{"footnotes":""},"class_list":["post-15632","page","type-page","status-publish","hentry"],"_links":{"self":[{"href":"https:\/\/informerazzi.ca\/fr\/wp-json\/wp\/v2\/pages\/15632","targetHints":{"allow":["GET"]}}],"collection":[{"href":"https:\/\/informerazzi.ca\/fr\/wp-json\/wp\/v2\/pages"}],"about":[{"href":"https:\/\/informerazzi.ca\/fr\/wp-json\/wp\/v2\/types\/page"}],"author":[{"embeddable":true,"href":"https:\/\/informerazzi.ca\/fr\/wp-json\/wp\/v2\/users\/2"}],"replies":[{"embeddable":true,"href":"https:\/\/informerazzi.ca\/fr\/wp-json\/wp\/v2\/comments?post=15632"}],"version-history":[{"count":13,"href":"https:\/\/informerazzi.ca\/fr\/wp-json\/wp\/v2\/pages\/15632\/revisions"}],"predecessor-version":[{"id":17237,"href":"https:\/\/informerazzi.ca\/fr\/wp-json\/wp\/v2\/pages\/15632\/revisions\/17237"}],"wp:attachment":[{"href":"https:\/\/informerazzi.ca\/fr\/wp-json\/wp\/v2\/media?parent=15632"}],"curies":[{"name":"wp","href":"https:\/\/api.w.org\/{rel}","templated":true}]}}