{"id":16173,"date":"2023-12-27T03:00:33","date_gmt":"2023-12-27T03:00:33","guid":{"rendered":"https:\/\/informerazzi.ca\/?page_id=16173"},"modified":"2024-02-26T19:21:58","modified_gmt":"2024-02-26T19:21:58","slug":"pricing","status":"publish","type":"page","link":"https:\/\/informerazzi.ca\/fr\/pricing\/","title":{"rendered":"Tarification"},"content":{"rendered":"<div data-elementor-type=\"wp-page\" data-elementor-id=\"16173\" class=\"elementor elementor-16173\">\n\t\t\t\t<div class=\"wd-negative-gap elementor-element elementor-element-19a5a4c e-flex e-con-boxed e-con e-parent\" data-id=\"19a5a4c\" data-element_type=\"container\" data-e-type=\"container\">\n\t\t\t\t\t<div class=\"e-con-inner\">\n\t\t\t\t<div class=\"elementor-element elementor-element-6585444 elementor-widget elementor-widget-wd_text_block\" data-id=\"6585444\" data-element_type=\"widget\" data-e-type=\"widget\" data-widget_type=\"wd_text_block.default\">\n\t\t\t\t<div class=\"elementor-widget-container\">\n\t\t\t\t\t\t\t<div class=\"wd-text-block reset-last-child text-left\">\n\t\t\t\n\t\t\t<h2 style=\"text-align: center;\"><span style=\"color: #000000;\">S\u00e9lectionnez la section de tarification en fonction de vos besoins.<\/span><br \/><span style=\"color: #000000;\">Vous pouvez \u00e9galement nous contacter pour plus de pr\u00e9cisions ou de d\u00e9tails.<br \/>Les prix ont \u00e9t\u00e9 mis \u00e0 jour pour 2024.<\/span><\/h2>\n\t\t\t\t\t<\/div>\n\t\t\t\t\t\t<\/div>\n\t\t\t\t<\/div>\n\t\t\t\t\t<\/div>\n\t\t\t\t<\/div>\n\t\t<div class=\"elementor-element elementor-element-c662534 e-flex e-con-boxed e-con e-parent\" data-id=\"c662534\" data-element_type=\"container\" data-e-type=\"container\">\n\t\t\t\t\t<div class=\"e-con-inner\">\n\t\t<div class=\"elementor-element elementor-element-bf03338 e-con-full e-flex e-con e-child\" data-id=\"bf03338\" data-element_type=\"container\" data-e-type=\"container\">\n\t\t\t\t<div class=\"elementor-element elementor-element-0ca0eac elementor-widget elementor-widget-wd_text_block\" data-id=\"0ca0eac\" data-element_type=\"widget\" data-e-type=\"widget\" data-widget_type=\"wd_text_block.default\">\n\t\t\t\t<div class=\"elementor-widget-container\">\n\t\t\t\t\t\t\t<div class=\"wd-text-block reset-last-child text-left\">\n\t\t\t\n\t\t\t<h3 style=\"text-align: center;\"><span style=\"color: #0e0ea0;\">H\u00e9bergement<\/span><\/h3><h4 style=\"text-align: center;\"><span style=\"color: #0e0ea0;\">avec et sans p\u00eache<\/span><\/h4>\n\t\t\t\t\t<\/div>\n\t\t\t\t\t\t<\/div>\n\t\t\t\t<\/div>\n\t\t\t\t<div class=\"elementor-element elementor-element-d131958 elementor-align-center elementor-widget elementor-widget-button\" data-id=\"d131958\" data-element_type=\"widget\" data-e-type=\"widget\" data-widget_type=\"button.default\">\n\t\t\t\t<div class=\"elementor-widget-container\">\n\t\t\t\t\t\t\t\t\t<div class=\"elementor-button-wrapper\">\n\t\t\t\t\t<a class=\"elementor-button elementor-button-link elementor-size-lg\" href=\"\/fr\/woodmart\/pricing\/accommodation\/\">\n\t\t\t\t\t\t<span class=\"elementor-button-content-wrapper\">\n\t\t\t\t\t\t\t\t\t<span class=\"elementor-button-text\">Consulter<\/span>\n\t\t\t\t\t<\/span>\n\t\t\t\t\t<\/a>\n\t\t\t\t<\/div>\n\t\t\t\t\t\t\t\t<\/div>\n\t\t\t\t<\/div>\n\t\t\t\t<\/div>\n\t\t<div class=\"elementor-element elementor-element-aadeb1a e-con-full e-flex e-con e-child\" data-id=\"aadeb1a\" data-element_type=\"container\" data-e-type=\"container\">\n\t\t\t\t<div class=\"elementor-element elementor-element-3073b8e elementor-widget elementor-widget-wd_text_block\" data-id=\"3073b8e\" data-element_type=\"widget\" data-e-type=\"widget\" data-widget_type=\"wd_text_block.default\">\n\t\t\t\t<div class=\"elementor-widget-container\">\n\t\t\t\t\t\t\t<div class=\"wd-text-block reset-last-child text-left\">\n\t\t\t\n\t\t\t<h3 style=\"text-align: center;\"><span style=\"color: #0e0ea0;\">P\u00eache journali\u00e8re<\/span><\/h3><h4 style=\"text-align: center;\"><span style=\"color: #0e0ea0;\">En \u00e9t\u00e9 \/ En hiver<\/span><\/h4>\n\t\t\t\t\t<\/div>\n\t\t\t\t\t\t<\/div>\n\t\t\t\t<\/div>\n\t\t\t\t<div class=\"elementor-element elementor-element-8ee5e35 elementor-align-center elementor-widget elementor-widget-button\" data-id=\"8ee5e35\" data-element_type=\"widget\" data-e-type=\"widget\" data-widget_type=\"button.default\">\n\t\t\t\t<div class=\"elementor-widget-container\">\n\t\t\t\t\t\t\t\t\t<div class=\"elementor-button-wrapper\">\n\t\t\t\t\t<a class=\"elementor-button elementor-button-link elementor-size-lg\" href=\"\/fr\/woodmart\/pricing\/daily-fishing\/\">\n\t\t\t\t\t\t<span class=\"elementor-button-content-wrapper\">\n\t\t\t\t\t\t\t\t\t<span class=\"elementor-button-text\">Consulter<\/span>\n\t\t\t\t\t<\/span>\n\t\t\t\t\t<\/a>\n\t\t\t\t<\/div>\n\t\t\t\t\t\t\t\t<\/div>\n\t\t\t\t<\/div>\n\t\t\t\t<\/div>\n\t\t<div class=\"elementor-element elementor-element-c73e35a e-con-full e-flex e-con e-child\" data-id=\"c73e35a\" data-element_type=\"container\" data-e-type=\"container\">\n\t\t\t\t<div class=\"elementor-element elementor-element-c7b1a31 elementor-widget elementor-widget-wd_text_block\" data-id=\"c7b1a31\" data-element_type=\"widget\" data-e-type=\"widget\" data-widget_type=\"wd_text_block.default\">\n\t\t\t\t<div class=\"elementor-widget-container\">\n\t\t\t\t\t\t\t<div class=\"wd-text-block reset-last-child text-left\">\n\t\t\t\n\t\t\t<h3 style=\"text-align: center;\"><span style=\"color: #0e0ea0;\">Forfaits Famille<\/span><\/h3><h4 style=\"text-align: center;\"><span style=\"color: #0e0ea0;\">Pour 1, 2 ou 3 familles<\/span><\/h4>\n\t\t\t\t\t<\/div>\n\t\t\t\t\t\t<\/div>\n\t\t\t\t<\/div>\n\t\t\t\t<div class=\"elementor-element elementor-element-cbf1e22 elementor-align-center elementor-widget elementor-widget-button\" data-id=\"cbf1e22\" data-element_type=\"widget\" data-e-type=\"widget\" data-widget_type=\"button.default\">\n\t\t\t\t<div class=\"elementor-widget-container\">\n\t\t\t\t\t\t\t\t\t<div class=\"elementor-button-wrapper\">\n\t\t\t\t\t<a class=\"elementor-button elementor-button-link elementor-size-lg\" href=\"\/fr\/woodmart\/pricing\/family-packages\/\">\n\t\t\t\t\t\t<span class=\"elementor-button-content-wrapper\">\n\t\t\t\t\t\t\t\t\t<span class=\"elementor-button-text\">Consulter<\/span>\n\t\t\t\t\t<\/span>\n\t\t\t\t\t<\/a>\n\t\t\t\t<\/div>\n\t\t\t\t\t\t\t\t<\/div>\n\t\t\t\t<\/div>\n\t\t\t\t<\/div>\n\t\t\t\t\t<\/div>\n\t\t\t\t<\/div>\n\t\t<div class=\"elementor-element elementor-element-8a6e9f3 e-flex e-con-boxed e-con e-parent\" data-id=\"8a6e9f3\" data-element_type=\"container\" data-e-type=\"container\">\n\t\t\t\t\t<div class=\"e-con-inner\">\n\t\t<div class=\"elementor-element elementor-element-8c0487e e-con-full e-flex e-con e-child\" data-id=\"8c0487e\" data-element_type=\"container\" data-e-type=\"container\">\n\t\t\t\t<div class=\"elementor-element elementor-element-f04477e elementor-widget elementor-widget-wd_text_block\" data-id=\"f04477e\" data-element_type=\"widget\" data-e-type=\"widget\" data-widget_type=\"wd_text_block.default\">\n\t\t\t\t<div class=\"elementor-widget-container\">\n\t\t\t\t\t\t\t<div class=\"wd-text-block reset-last-child text-left\">\n\t\t\t\n\t\t\t<h3 style=\"text-align: center;\"><span style=\"color: #0e0ea0;\">Forfaits de chasse<\/span><\/h3><h4 style=\"text-align: center;\"><span style=\"color: #0e0ea0;\">Orignal, Chevreuil et<br \/><\/span><span style=\"color: #0e0ea0;\">Petit gibier<\/span><\/h4>\n\t\t\t\t\t<\/div>\n\t\t\t\t\t\t<\/div>\n\t\t\t\t<\/div>\n\t\t\t\t<div class=\"elementor-element elementor-element-8b7b3fe elementor-align-center elementor-widget elementor-widget-button\" data-id=\"8b7b3fe\" data-element_type=\"widget\" data-e-type=\"widget\" data-widget_type=\"button.default\">\n\t\t\t\t<div class=\"elementor-widget-container\">\n\t\t\t\t\t\t\t\t\t<div class=\"elementor-button-wrapper\">\n\t\t\t\t\t<a class=\"elementor-button elementor-button-link elementor-size-lg\" href=\"\/fr\/woodmart\/pricing\/hunting-packages\/\">\n\t\t\t\t\t\t<span class=\"elementor-button-content-wrapper\">\n\t\t\t\t\t\t\t\t\t<span class=\"elementor-button-text\">Consulter<\/span>\n\t\t\t\t\t<\/span>\n\t\t\t\t\t<\/a>\n\t\t\t\t<\/div>\n\t\t\t\t\t\t\t\t<\/div>\n\t\t\t\t<\/div>\n\t\t\t\t<\/div>\n\t\t<div class=\"elementor-element elementor-element-5ee8e04 e-con-full e-flex e-con e-child\" data-id=\"5ee8e04\" data-element_type=\"container\" data-e-type=\"container\">\n\t\t\t\t<div class=\"elementor-element elementor-element-0cab297 elementor-widget elementor-widget-image\" data-id=\"0cab297\" data-element_type=\"widget\" data-e-type=\"widget\" data-widget_type=\"image.default\">\n\t\t\t\t<div class=\"elementor-widget-container\">\n\t\t\t\t\t\t\t\t\t\t\t\t\t\t\t\t<a href=\"https:\/\/informerazzi.ca\/fr\/\">\n\t\t\t\t\t\t\t<img decoding=\"async\" src=\"https:\/\/informerazzi.ca\/wp-content\/uploads\/elementor\/thumbs\/Logo-ReservXpert-Round-qke3czms2cpqxey3og67yz8btojtjlroebrxv7hfik.png\" title=\"Logo &#8211; ReservXpert Round\" alt=\"Logo - ReservXpert Round\" loading=\"lazy\" \/>\t\t\t\t\t\t\t\t<\/a>\n\t\t\t\t\t\t\t\t\t\t\t\t\t\t\t<\/div>\n\t\t\t\t<\/div>\n\t\t\t\t<div class=\"elementor-element elementor-element-3528e49 elementor-widget elementor-widget-image\" data-id=\"3528e49\" data-element_type=\"widget\" data-e-type=\"widget\" data-widget_type=\"image.default\">\n\t\t\t\t<div class=\"elementor-widget-container\">\n\t\t\t\t\t\t\t\t\t\t\t\t\t\t\t\t<a href=\"https:\/\/informerazzi.ca\/fr\/\">\n\t\t\t\t\t\t\t<img decoding=\"async\" width=\"325\" height=\"40\" src=\"https:\/\/informerazzi.ca\/wp-content\/uploads\/2024\/02\/Logo-ReservXpert-Small.png\" class=\"attachment-large size-large wp-image-17199\" alt=\"Logo - ReservXpert - Small\" srcset=\"https:\/\/informerazzi.ca\/wp-content\/uploads\/2024\/02\/Logo-ReservXpert-Small.png 325w, https:\/\/informerazzi.ca\/wp-content\/uploads\/2024\/02\/Logo-ReservXpert-Small-18x2.png 18w, https:\/\/informerazzi.ca\/wp-content\/uploads\/2024\/02\/Logo-ReservXpert-Small-150x18.png 150w\" sizes=\"(max-width: 325px) 100vw, 325px\" \/>\t\t\t\t\t\t\t\t<\/a>\n\t\t\t\t\t\t\t\t\t\t\t\t\t\t\t<\/div>\n\t\t\t\t<\/div>\n\t\t\t\t<\/div>\n\t\t<div class=\"elementor-element elementor-element-aac75aa e-con-full e-flex e-con e-child\" data-id=\"aac75aa\" data-element_type=\"container\" data-e-type=\"container\">\n\t\t\t\t<div class=\"elementor-element elementor-element-82f588b elementor-widget elementor-widget-wd_text_block\" data-id=\"82f588b\" data-element_type=\"widget\" data-e-type=\"widget\" data-widget_type=\"wd_text_block.default\">\n\t\t\t\t<div class=\"elementor-widget-container\">\n\t\t\t\t\t\t\t<div class=\"wd-text-block reset-last-child text-left\">\n\t\t\t\n\t\t\t<h3 style=\"text-align: center;\"><span style=\"color: #0e0ea0;\">Location d'\u00e9quipement<\/span><\/h3>\n<h4 style=\"text-align: center;\"><span style=\"color: #0e0ea0;\">Ponton et<br\/>\n<\/span><span style=\"color: #0e0ea0;\">\u00c9quipement de p\u00eache<\/span><\/h4>\n\t\t\t\t\t<\/div>\n\t\t\t\t\t\t<\/div>\n\t\t\t\t<\/div>\n\t\t\t\t<div class=\"elementor-element elementor-element-db7c946 elementor-align-center elementor-widget elementor-widget-button\" data-id=\"db7c946\" data-element_type=\"widget\" data-e-type=\"widget\" data-widget_type=\"button.default\">\n\t\t\t\t<div class=\"elementor-widget-container\">\n\t\t\t\t\t\t\t\t\t<div class=\"elementor-button-wrapper\">\n\t\t\t\t\t<a class=\"elementor-button elementor-button-link elementor-size-lg\" href=\"\/fr\/woodmart\/pricing\/equipment-rental\/\">\n\t\t\t\t\t\t<span class=\"elementor-button-content-wrapper\">\n\t\t\t\t\t\t\t\t\t<span class=\"elementor-button-text\">Consulter<\/span>\n\t\t\t\t\t<\/span>\n\t\t\t\t\t<\/a>\n\t\t\t\t<\/div>\n\t\t\t\t\t\t\t\t<\/div>\n\t\t\t\t<\/div>\n\t\t\t\t<\/div>\n\t\t\t\t\t<\/div>\n\t\t\t\t<\/div>\n\t\t\t\t<\/div>","protected":false},"excerpt":{"rendered":"<p>Select pricing section according to your needs.You can also contact us for more precision or details.Prices have been updated for<\/p>","protected":false},"author":2,"featured_media":15808,"parent":0,"menu_order":0,"comment_status":"closed","ping_status":"closed","template":"","meta":{"footnotes":""},"class_list":["post-16173","page","type-page","status-publish","has-post-thumbnail","hentry"],"_links":{"self":[{"href":"https:\/\/informerazzi.ca\/fr\/wp-json\/wp\/v2\/pages\/16173","targetHints":{"allow":["GET"]}}],"collection":[{"href":"https:\/\/informerazzi.ca\/fr\/wp-json\/wp\/v2\/pages"}],"about":[{"href":"https:\/\/informerazzi.ca\/fr\/wp-json\/wp\/v2\/types\/page"}],"author":[{"embeddable":true,"href":"https:\/\/informerazzi.ca\/fr\/wp-json\/wp\/v2\/users\/2"}],"replies":[{"embeddable":true,"href":"https:\/\/informerazzi.ca\/fr\/wp-json\/wp\/v2\/comments?post=16173"}],"version-history":[{"count":103,"href":"https:\/\/informerazzi.ca\/fr\/wp-json\/wp\/v2\/pages\/16173\/revisions"}],"predecessor-version":[{"id":17207,"href":"https:\/\/informerazzi.ca\/fr\/wp-json\/wp\/v2\/pages\/16173\/revisions\/17207"}],"wp:featuredmedia":[{"embeddable":true,"href":"https:\/\/informerazzi.ca\/fr\/wp-json\/wp\/v2\/media\/15808"}],"wp:attachment":[{"href":"https:\/\/informerazzi.ca\/fr\/wp-json\/wp\/v2\/media?parent=16173"}],"curies":[{"name":"wp","href":"https:\/\/api.w.org\/{rel}","templated":true}]}}