{"id":15660,"date":"2023-12-15T21:06:49","date_gmt":"2023-12-15T21:06:49","guid":{"rendered":"https:\/\/informerazzi.ca\/?post_type=product&#038;p=15660"},"modified":"2024-01-09T21:26:44","modified_gmt":"2024-01-09T21:26:44","slug":"suisse-cottage","status":"publish","type":"product","link":"https:\/\/informerazzi.ca\/fr\/produit\/suisse-cottage\/","title":{"rendered":"Chalet Suisse"},"content":{"rendered":"<p>Le Chalet Suisse est seul au bord du lac des C\u00e8dres et offre un h\u00e9bergement pour 12 personnes r\u00e9parties dans 4 chambres totalisant 2 lits doubles et 8 lits simples. Il dispose de 2 salles de bains, dont une \u00e9quip\u00e9e d'une douche, ainsi que d'une v\u00e9randa avec deux r\u00e9frig\u00e9rateurs et divers \u00e9quipements.<\/p>\n<p>Nich\u00e9 au c\u0153ur de la for\u00eat, ce chalet vous assure une tranquillit\u00e9 absolue. Son d\u00e9cor soign\u00e9, son confort et son ambiance chaleureuse en font la seule demeure au bord du lac.<\/p>\n<p>La truite mouchet\u00e9e, naturellement pr\u00e9sente, est ensemenc\u00e9e chaque semaine afin d'entretenir la r\u00e9putation de p\u00eache l\u00e9gendaire de ce lac, fr\u00e9quent\u00e9 depuis 1942, alors que la pourvoirie \u00e9tait autrefois un club.<\/p>\n<p>Les amateurs de truite arc-en-ciel pourront r\u00e9server l'acc\u00e8s au lac Cochon exclusivement \u00e0 cette vari\u00e9t\u00e9.<\/p>\n<p>Ce chalet est disponible \u00e0 la location depuis juin 2020.<\/p>\n<p>NB : Veuillez noter qu'il est recommand\u00e9 d'apporter sa propre eau potable.<\/p>\n<p><strong>Commodit\u00e9s\u00a0:<\/strong><\/p>\n<ul>\n<li>4 chambres pour 12 personnes ;<\/li>\n<li>2 lits doubles \u2013 8 lits simples ;<\/li>\n<li>2 salles de bains dont 1 avec douche ;<\/li>\n<li>Cuisini\u00e8re \u00e0 gaz\u00a0;<\/li>\n<li>R\u00e9frig\u00e9rateur 12 volts\u00a0;<\/li>\n<li>Literie non fournie ;<\/li>\n<li>2 linges \u00e0 vaisselles et une lavette sont fournis ;<\/li>\n<li>\u00c9clairage;<\/li>\n<li>Eau chaude;<\/li>\n<li>Po\u00eale \u00e0 combustion lente;<\/li>\n<li>V\u00e9randa avec moustiquaire ;<\/li>\n<li>Table de pique-nique;<\/li>\n<li>Feu de camp\u00a0;<\/li>\n<li>BBQ au propane (Disponible pendant la saison estivale).<\/li>\n<\/ul>\n<p>&nbsp;<\/p>","protected":false},"excerpt":{"rendered":"<p><strong>Capacit\u00e9 : 12 <span class=\"tlid-translation translation\" lang=\"fr\"><span class=\"\" title=\"\">personnes<\/span><\/span><\/strong><\/p>\n<p><strong>Avec P\u00eache \u00e0 partir de :<\/strong><br \/>\n$145\/nuit\/personne<\/p>\n<p><strong>Sans p\u00eache \u00e0 partir de :<\/strong><br \/>\n$95\/nuit\/personne<\/p>\n<p><strong>NB:<\/strong> Enfants de 0 \u00e0 11 ans, gratuit<br \/>\nAdos 12-15 ans, moiti\u00e9 prix<br \/>\nPersonne : 16 ans et plus, tarif adulte<\/p>","protected":false},"featured_media":15623,"comment_status":"open","ping_status":"closed","template":"","meta":[],"product_brand":[],"product_cat":[84,86],"product_tag":[81],"class_list":{"0":"post-15660","1":"product","2":"type-product","3":"status-publish","4":"has-post-thumbnail","6":"product_cat-all-cottages-and-camps","7":"product_cat-des-cedres-lake","8":"product_tag-cottage-chalet","10":"first","11":"instock","12":"featured","13":"virtual","14":"product-type-simple"},"_links":{"self":[{"href":"https:\/\/informerazzi.ca\/fr\/wp-json\/wp\/v2\/product\/15660","targetHints":{"allow":["GET"]}}],"collection":[{"href":"https:\/\/informerazzi.ca\/fr\/wp-json\/wp\/v2\/product"}],"about":[{"href":"https:\/\/informerazzi.ca\/fr\/wp-json\/wp\/v2\/types\/product"}],"replies":[{"embeddable":true,"href":"https:\/\/informerazzi.ca\/fr\/wp-json\/wp\/v2\/comments?post=15660"}],"version-history":[{"count":4,"href":"https:\/\/informerazzi.ca\/fr\/wp-json\/wp\/v2\/product\/15660\/revisions"}],"predecessor-version":[{"id":16658,"href":"https:\/\/informerazzi.ca\/fr\/wp-json\/wp\/v2\/product\/15660\/revisions\/16658"}],"wp:featuredmedia":[{"embeddable":true,"href":"https:\/\/informerazzi.ca\/fr\/wp-json\/wp\/v2\/media\/15623"}],"wp:attachment":[{"href":"https:\/\/informerazzi.ca\/fr\/wp-json\/wp\/v2\/media?parent=15660"}],"wp:term":[{"taxonomy":"product_brand","embeddable":true,"href":"https:\/\/informerazzi.ca\/fr\/wp-json\/wp\/v2\/product_brand?post=15660"},{"taxonomy":"product_cat","embeddable":true,"href":"https:\/\/informerazzi.ca\/fr\/wp-json\/wp\/v2\/product_cat?post=15660"},{"taxonomy":"product_tag","embeddable":true,"href":"https:\/\/informerazzi.ca\/fr\/wp-json\/wp\/v2\/product_tag?post=15660"}],"curies":[{"name":"wp","href":"https:\/\/api.w.org\/{rel}","templated":true}]}}