{"id":15667,"date":"2023-12-15T21:42:18","date_gmt":"2023-12-15T21:42:18","guid":{"rendered":"https:\/\/informerazzi.ca\/?post_type=product&#038;p=15667"},"modified":"2024-01-09T21:26:33","modified_gmt":"2024-01-09T21:26:33","slug":"alaska-cottage","status":"publish","type":"product","link":"https:\/\/informerazzi.ca\/fr\/produit\/alaska-cottage\/","title":{"rendered":"Chalet Alaska"},"content":{"rendered":"<p>Le Chalet Alaska est seul au bord du Lac Rond et offre un h\u00e9bergement pour 6 personnes avec deux chambres comprenant un total de 2 lits doubles et 2 lits simples. Il dispose d'une salle de bains avec douche, ainsi que d'une v\u00e9randa avec moustiquaire, r\u00e9frig\u00e9rateur et divers \u00e9quipements.<\/p>\n<p>Situ\u00e9 au bord d'un magnifique lac priv\u00e9, le Chalet Alaska, joliment d\u00e9cor\u00e9, confortable et accueillant, assure un acc\u00e8s exclusif au lac r\u00e9serv\u00e9 uniquement aux occupants du chalet.<\/p>\n<p>Le lac est r\u00e9put\u00e9 pour sa p\u00eache l\u00e9gendaire \u00e0 la truite mouchet\u00e9e, entretenue par ensemencement hebdomadaire depuis 1942, alors que la pourvoirie \u00e9tait alors un Club. Pour les amateurs de truite arc-en-ciel, l'acc\u00e8s au lac Cochon (truite arc-en-ciel seulement) est possible sur r\u00e9servation.<\/p>\n<p>Le Chalet Alaska est disponible \u00e0 la location depuis f\u00e9vrier 2023.<\/p>\n<p><strong>NB:<\/strong> Veuillez noter que vous devez apporter votre propre eau potable.<\/p>\n<p><strong>Commodit\u00e9s\u00a0:<\/strong><\/p>\n<ul>\n<li>2 chambres pour 6 personnes ;<\/li>\n<li>2 lits doubles \u2013 2 lits simples ;<\/li>\n<li>1 salle de bain avec douche ;<\/li>\n<li>Cuisini\u00e8re \u00e0 gaz\u00a0;<\/li>\n<li>R\u00e9frig\u00e9rateur 12 volts<\/li>\n<li>Literie non fournie ;<\/li>\n<li>2 linges \u00e0 vaisselles et une lavette sont fournis ;<\/li>\n<li>\u00c9clairage;<\/li>\n<li>Eau chaude;<\/li>\n<li>Po\u00eale \u00e0 combustion lente;<\/li>\n<li>V\u00e9randa avec moustiquaire ;<\/li>\n<li>Table de pique-nique;<\/li>\n<li>Feu de camp\u00a0;<\/li>\n<li>BBQ au propane (Disponible pendant la saison estivale).<\/li>\n<\/ul>\n<h2><\/h2>\n<h6 style=\"text-align: center;\">Pourvoirie \u2013 Domaine du Renard Bleu \u2013 Pourvoirie \u2013 Chalets \u2013 Chalet \u2013 P\u00eache<br \/>\nCoin Lavigne \u2013 Info-Clic \u2013 St-Damien \u2013 Lanaudi\u00e8re \u2013 Qu\u00e9bec \u2013 Qc<\/h6>","protected":false},"excerpt":{"rendered":"<p><strong>Capacit\u00e9 : 6 <span class=\"tlid-translation translation\" lang=\"fr\"><span class=\"\" title=\"\">personnes<\/span><\/span><\/strong><\/p>\n<p><strong>Avec P\u00eache \u00e0 partir de :<\/strong><br \/>\n$150\/nuit\/personne<br \/>\nminimum 4 personnes le week-end<br \/>\n(certaines conditions s'appliquent)<\/p>\n<p><strong>Sans p\u00eache \u00e0 partir de :<\/strong><br \/>\n$90\/nuit\/personne<\/p>\n<p><strong>NB:<\/strong> Enfants de 0 \u00e0 11 ans, gratuit<br \/>\nAdos 12-15 ans, moiti\u00e9 prix<br \/>\nPersonne : 16 ans et plus, tarif adulte<\/p>","protected":false},"featured_media":15616,"comment_status":"open","ping_status":"closed","template":"","meta":[],"product_brand":[],"product_cat":[84,85],"product_tag":[81],"class_list":{"0":"post-15667","1":"product","2":"type-product","3":"status-publish","4":"has-post-thumbnail","6":"product_cat-all-cottages-and-camps","7":"product_cat-rond-lake","8":"product_tag-cottage-chalet","10":"first","11":"instock","12":"featured","13":"virtual","14":"product-type-simple"},"_links":{"self":[{"href":"https:\/\/informerazzi.ca\/fr\/wp-json\/wp\/v2\/product\/15667","targetHints":{"allow":["GET"]}}],"collection":[{"href":"https:\/\/informerazzi.ca\/fr\/wp-json\/wp\/v2\/product"}],"about":[{"href":"https:\/\/informerazzi.ca\/fr\/wp-json\/wp\/v2\/types\/product"}],"replies":[{"embeddable":true,"href":"https:\/\/informerazzi.ca\/fr\/wp-json\/wp\/v2\/comments?post=15667"}],"version-history":[{"count":3,"href":"https:\/\/informerazzi.ca\/fr\/wp-json\/wp\/v2\/product\/15667\/revisions"}],"predecessor-version":[{"id":15960,"href":"https:\/\/informerazzi.ca\/fr\/wp-json\/wp\/v2\/product\/15667\/revisions\/15960"}],"wp:featuredmedia":[{"embeddable":true,"href":"https:\/\/informerazzi.ca\/fr\/wp-json\/wp\/v2\/media\/15616"}],"wp:attachment":[{"href":"https:\/\/informerazzi.ca\/fr\/wp-json\/wp\/v2\/media?parent=15667"}],"wp:term":[{"taxonomy":"product_brand","embeddable":true,"href":"https:\/\/informerazzi.ca\/fr\/wp-json\/wp\/v2\/product_brand?post=15667"},{"taxonomy":"product_cat","embeddable":true,"href":"https:\/\/informerazzi.ca\/fr\/wp-json\/wp\/v2\/product_cat?post=15667"},{"taxonomy":"product_tag","embeddable":true,"href":"https:\/\/informerazzi.ca\/fr\/wp-json\/wp\/v2\/product_tag?post=15667"}],"curies":[{"name":"wp","href":"https:\/\/api.w.org\/{rel}","templated":true}]}}