{"id":8895,"date":"2023-11-21T11:13:20","date_gmt":"2023-11-21T11:13:20","guid":{"rendered":"https:\/\/informerazzi.ca\/?post_type=product&#038;p=8895"},"modified":"2026-03-09T07:42:49","modified_gmt":"2026-03-09T11:42:49","slug":"du-cerf-cottage","status":"publish","type":"product","link":"https:\/\/informerazzi.ca\/fr\/produit\/du-cerf-cottage\/","title":{"rendered":"Chalet du Cerf"},"content":{"rendered":"<p>Disponible de mai \u00e0 octobre seulement, le Chalet du Cerf, l'un des deux chalets de construction r\u00e9cente, est nich\u00e9 au bord du lac C\u00e9lender.<\/p>\n<p>D'une capacit\u00e9 de 6 personnes, ce chalet offre deux chambres avec au total 2 lits doubles et 2 lits simples. Vous trouverez une salle de bain avec douche ainsi qu'une v\u00e9randa avec moustiquaire, un r\u00e9frig\u00e9rateur et une vari\u00e9t\u00e9 d'\u00e9quipements.<\/p>\n<p>Id\u00e9alement situ\u00e9 \u00e0 proximit\u00e9 d'un joli petit lac priv\u00e9, le Chalet du Cerf, \u00e9l\u00e9gamment d\u00e9cor\u00e9, offre un espace confortable et accueillant. L'acc\u00e8s au lac est exclusivement r\u00e9serv\u00e9 aux occupants de ce chalet.<\/p>\n<p>Le lac est r\u00e9guli\u00e8rement approvisionn\u00e9 en truites mouchet\u00e9es, entretenues naturellement et ensemenc\u00e9es chaque semaine pour pr\u00e9server la qualit\u00e9 d'une p\u00eache l\u00e9gendaire depuis 1942, lorsque la pourvoirie \u00e9tait autrefois un club.<\/p>\n<p>Les amateurs de truite arc-en-ciel peuvent \u00e9galement r\u00e9server l'acc\u00e8s au lac Cochon (r\u00e9serv\u00e9 \u00e0 la truite arc-en-ciel uniquement) sur demande.<\/p>\n<p>Ce chalet est disponible \u00e0 la location depuis octobre 2023.<\/p>\n<p><strong>NB:<\/strong> Veuillez apporter votre propre eau potable.<\/p>\n<p><strong>Commodit\u00e9s\u00a0:<\/strong><\/p>\n<ul>\n<li>2 chambres pour 6 personnes ;<\/li>\n<li>2 lits doubles \u2013 2 lits simples ;<\/li>\n<li>1 salle de bain avec douche ;<\/li>\n<li>Cuisini\u00e8re \u00e0 gaz\u00a0;<\/li>\n<li>R\u00e9frig\u00e9rateur 12 volts<\/li>\n<li>Literie non fournie ;<\/li>\n<li>2 linges \u00e0 vaisselles et une lavette sont fournis ;<\/li>\n<li>\u00c9clairage;<\/li>\n<li>Eau chaude;<\/li>\n<li>Po\u00eale \u00e0 combustion lente;<\/li>\n<li>V\u00e9randa avec moustiquaire ;<\/li>\n<li>Table de pique-nique;<\/li>\n<li>Feu de camp\u00a0;<\/li>\n<li>BBQ au propane (Disponible pendant la saison estivale).<\/li>\n<\/ul>\n<p>&nbsp;<\/p>","protected":false},"excerpt":{"rendered":"<p><strong>Capacit\u00e9 : 6 <span class=\"tlid-translation translation\" lang=\"fr\"><span class=\"\" title=\"\">personnes<\/span><\/span><\/strong><\/p>\n<p><strong>Avec P\u00eache \u00e0 partir de :<\/strong><br \/>\n$140\/nuit\/personne<br \/>\nminimum 4 personnes le week-end<br \/>\n(certaines conditions s'appliquent)<\/p>\n<p><strong>Sans p\u00eache \u00e0 partir de :<\/strong><br \/>\n$90\/nuit\/personne<\/p>\n<p><strong>NB:<\/strong> Enfants de 0 \u00e0 11 ans, gratuit<br \/>\nAdos 12-15 ans, moiti\u00e9 prix<br \/>\nPersonne : 16 ans et plus, tarif adulte<\/p>","protected":false},"featured_media":15616,"comment_status":"open","ping_status":"closed","template":"","meta":[],"product_brand":[],"product_cat":[84,79],"product_tag":[81],"class_list":{"0":"post-8895","1":"product","2":"type-product","3":"status-publish","4":"has-post-thumbnail","6":"product_cat-all-cottages-and-camps","7":"product_cat-celender-lake","8":"product_tag-cottage-chalet","10":"first","11":"instock","12":"virtual","13":"product-type-simple"},"_links":{"self":[{"href":"https:\/\/informerazzi.ca\/fr\/wp-json\/wp\/v2\/product\/8895","targetHints":{"allow":["GET"]}}],"collection":[{"href":"https:\/\/informerazzi.ca\/fr\/wp-json\/wp\/v2\/product"}],"about":[{"href":"https:\/\/informerazzi.ca\/fr\/wp-json\/wp\/v2\/types\/product"}],"replies":[{"embeddable":true,"href":"https:\/\/informerazzi.ca\/fr\/wp-json\/wp\/v2\/comments?post=8895"}],"version-history":[{"count":4,"href":"https:\/\/informerazzi.ca\/fr\/wp-json\/wp\/v2\/product\/8895\/revisions"}],"predecessor-version":[{"id":15962,"href":"https:\/\/informerazzi.ca\/fr\/wp-json\/wp\/v2\/product\/8895\/revisions\/15962"}],"wp:featuredmedia":[{"embeddable":true,"href":"https:\/\/informerazzi.ca\/fr\/wp-json\/wp\/v2\/media\/15616"}],"wp:attachment":[{"href":"https:\/\/informerazzi.ca\/fr\/wp-json\/wp\/v2\/media?parent=8895"}],"wp:term":[{"taxonomy":"product_brand","embeddable":true,"href":"https:\/\/informerazzi.ca\/fr\/wp-json\/wp\/v2\/product_brand?post=8895"},{"taxonomy":"product_cat","embeddable":true,"href":"https:\/\/informerazzi.ca\/fr\/wp-json\/wp\/v2\/product_cat?post=8895"},{"taxonomy":"product_tag","embeddable":true,"href":"https:\/\/informerazzi.ca\/fr\/wp-json\/wp\/v2\/product_tag?post=8895"}],"curies":[{"name":"wp","href":"https:\/\/api.w.org\/{rel}","templated":true}]}}