{"id":8902,"date":"2023-11-21T12:05:54","date_gmt":"2023-11-21T12:05:54","guid":{"rendered":"https:\/\/informerazzi.ca\/?post_type=product&#038;p=8902"},"modified":"2024-01-04T04:13:15","modified_gmt":"2024-01-04T04:13:15","slug":"du-nord-cottage","status":"publish","type":"product","link":"https:\/\/informerazzi.ca\/fr\/produit\/du-nord-cottage\/","title":{"rendered":"Chalet du Nord"},"content":{"rendered":"<p>Disponible uniquement de mai \u00e0 octobre, le Chalet du North, l'un des deux chalets de construction r\u00e9cente, est situ\u00e9 au bord du Lac Bleu.<\/p>\n<p>D'une capacit\u00e9 de 6 personnes, ce chalet dispose de deux chambres avec au total 2 lits doubles et 2 lits simples. Il est \u00e9quip\u00e9 d'une salle de bain avec douche, d'une v\u00e9randa avec moustiquaire, d'un r\u00e9frig\u00e9rateur et de divers \u00e9quipements.<\/p>\n<p>Situ\u00e9 en bordure d'un magnifique petit lac priv\u00e9, le Chalet du Nord est d\u00e9cor\u00e9 avec go\u00fbt, confortable et accueillant, avec un acc\u00e8s exclusif r\u00e9serv\u00e9 aux occupants du chalet.<\/p>\n<p>La truite mouchet\u00e9e, naturelle et ensemenc\u00e9e chaque semaine, contribue \u00e0 maintenir la qualit\u00e9 de p\u00eache l\u00e9gendaire de ce lac, fr\u00e9quent\u00e9 depuis 1942 lorsque la pourvoirie \u00e9tait, \u00e0 l'\u00e9poque, un club.<\/p>\n<p>Pour les amateurs de truite arc-en-ciel, l'acc\u00e8s au lac Cochon (sp\u00e9cifiquement pour la truite arc-en-ciel) est possible sur r\u00e9servation.<\/p>\n<p>Ce chalet est disponible \u00e0 la location depuis octobre 2023.<\/p>\n<p><strong>NB:<\/strong> Veuillez noter que vous devez apporter votre propre eau potable.<\/p>\n<p><strong>Commodit\u00e9s\u00a0:<\/strong><\/p>\n<ul>\n<li>2 chambres pour 6 personnes ;<\/li>\n<li>2 lits doubles \u2013 2 lits simples ;<\/li>\n<li>1 salle de bain avec douche ;<\/li>\n<li>Cuisini\u00e8re \u00e0 gaz\u00a0;<\/li>\n<li>R\u00e9frig\u00e9rateur 12 volts<\/li>\n<li>Literie non fournie ;<\/li>\n<li>2 linges \u00e0 vaisselles et une lavette sont fournis ;<\/li>\n<li>\u00c9clairage;<\/li>\n<li>Eau chaude;<\/li>\n<li>Po\u00eale \u00e0 combustion lente;<\/li>\n<li>V\u00e9randa avec moustiquaire ;<\/li>\n<li>Table de pique-nique;<\/li>\n<li>Feu de camp\u00a0;<\/li>\n<li>BBQ au propane (Disponible pendant la saison estivale).<\/li>\n<\/ul>\n<h2><\/h2>\n<h6 style=\"text-align: center;\">Pourvoirie \u2013 Domaine du Renard Bleu \u2013 Pourvoirie \u2013 Chalets \u2013 Chalet \u2013 P\u00eache<br \/>\nCoin Lavigne \u2013 Info-Clic \u2013 St-Damien \u2013 Lanaudi\u00e8re \u2013 Qu\u00e9bec \u2013 Qc<\/h6>","protected":false},"excerpt":{"rendered":"<p><strong>Capacit\u00e9 : 6 <span class=\"tlid-translation translation\" lang=\"fr\"><span class=\"\" title=\"\">personnes<\/span><\/span><\/strong><\/p>\n<p><strong>Avec P\u00eache \u00e0 partir de :<\/strong><br \/>\n$140\/nuit\/personne<br \/>\nminimum 4 personnes le week-end<br \/>\n(certaines conditions s'appliquent)<\/p>\n<p><strong>Sans p\u00eache \u00e0 partir de :<\/strong><br \/>\n$90\/nuit\/personne<\/p>\n<p><strong>NB:<\/strong> Enfants de 0 \u00e0 11 ans, gratuit<br \/>\nAdos 12-15 ans, moiti\u00e9 prix<br \/>\nPersonne : 16 ans et plus, tarif adulte<\/p>","protected":false},"featured_media":15616,"comment_status":"open","ping_status":"closed","template":"","meta":[],"product_brand":[],"product_cat":[84,82],"product_tag":[81],"class_list":{"0":"post-8902","1":"product","2":"type-product","3":"status-publish","4":"has-post-thumbnail","6":"product_cat-all-cottages-and-camps","7":"product_cat-bleu-lake","8":"product_tag-cottage-chalet","10":"first","11":"instock","12":"virtual","13":"product-type-simple"},"_links":{"self":[{"href":"https:\/\/informerazzi.ca\/fr\/wp-json\/wp\/v2\/product\/8902","targetHints":{"allow":["GET"]}}],"collection":[{"href":"https:\/\/informerazzi.ca\/fr\/wp-json\/wp\/v2\/product"}],"about":[{"href":"https:\/\/informerazzi.ca\/fr\/wp-json\/wp\/v2\/types\/product"}],"replies":[{"embeddable":true,"href":"https:\/\/informerazzi.ca\/fr\/wp-json\/wp\/v2\/comments?post=8902"}],"version-history":[{"count":4,"href":"https:\/\/informerazzi.ca\/fr\/wp-json\/wp\/v2\/product\/8902\/revisions"}],"predecessor-version":[{"id":16645,"href":"https:\/\/informerazzi.ca\/fr\/wp-json\/wp\/v2\/product\/8902\/revisions\/16645"}],"wp:featuredmedia":[{"embeddable":true,"href":"https:\/\/informerazzi.ca\/fr\/wp-json\/wp\/v2\/media\/15616"}],"wp:attachment":[{"href":"https:\/\/informerazzi.ca\/fr\/wp-json\/wp\/v2\/media?parent=8902"}],"wp:term":[{"taxonomy":"product_brand","embeddable":true,"href":"https:\/\/informerazzi.ca\/fr\/wp-json\/wp\/v2\/product_brand?post=8902"},{"taxonomy":"product_cat","embeddable":true,"href":"https:\/\/informerazzi.ca\/fr\/wp-json\/wp\/v2\/product_cat?post=8902"},{"taxonomy":"product_tag","embeddable":true,"href":"https:\/\/informerazzi.ca\/fr\/wp-json\/wp\/v2\/product_tag?post=8902"}],"curies":[{"name":"wp","href":"https:\/\/api.w.org\/{rel}","templated":true}]}}