{"id":8904,"date":"2023-02-21T12:09:17","date_gmt":"2023-02-21T12:09:17","guid":{"rendered":"https:\/\/informerazzi.ca\/?post_type=product&#038;p=8904"},"modified":"2024-01-03T04:36:18","modified_gmt":"2024-01-03T04:36:18","slug":"faucon-cottage","status":"publish","type":"product","link":"https:\/\/informerazzi.ca\/fr\/produit\/faucon-cottage\/","title":{"rendered":"Chalet Faucon"},"content":{"rendered":"<p>Les chalets Faucon et Aigle sont les seules structures nich\u00e9es au bord du lac \u00e0 la Croix. D'une capacit\u00e9 de 12 personnes, ces h\u00e9bergements disposent d'un total de 4 chambres, dont 2 lits doubles et 8 lits simples. Les installations comprennent 2 salles de bains, dont une avec douche, une v\u00e9randa avec moustiquaire, deux r\u00e9frig\u00e9rateurs et une vari\u00e9t\u00e9 d'\u00e9quipements.<\/p>\n<p>Le Chalet Faucon est id\u00e9alement situ\u00e9 au bord d'un magnifique lac d'un kilom\u00e8tre de long. Magnifiquement d\u00e9cor\u00e9, confortable et accueillant, l'acc\u00e8s au lac est exclusivement r\u00e9serv\u00e9 aux occupants des deux chalets.<\/p>\n<p>Le lac est naturellement peupl\u00e9 de truites mouchet\u00e9es, ensemenc\u00e9es r\u00e9guli\u00e8rement chaque semaine pour pr\u00e9server la p\u00eache r\u00e9put\u00e9e de ce site, une tradition depuis 1942 lorsque la pourvoirie \u00e9tait autrefois un club.<\/p>\n<p>Pour les amateurs de truite arc-en-ciel, l'acc\u00e8s au lac Cochon (sp\u00e9cifiquement pour les arcs-en-ciel) est disponible sur r\u00e9servation.<\/p>\n<p>La location de ce chalet est disponible depuis juin 2020.<\/p>\n<p>NB\u00a0: Veuillez noter que vous devez apporter votre propre eau potable.<\/p>\n<p><strong>Commodit\u00e9s\u00a0:<\/strong><\/p>\n<ul>\n<li>4 chambres pour 12 personnes ;<\/li>\n<li>2 lits doubles \u2013 8 lits simples ;<\/li>\n<li>2 salles de bains dont 1 avec douche ;<\/li>\n<li>Cuisini\u00e8re \u00e0 gaz\u00a0;<\/li>\n<li>R\u00e9frig\u00e9rateur 12 volts\u00a0;<\/li>\n<li>Literie non fournie ;<\/li>\n<li>2 linges \u00e0 vaisselles et une lavette sont fournis ;<\/li>\n<li>\u00c9clairage;<\/li>\n<li>Eau chaude;<\/li>\n<li>Po\u00eale \u00e0 combustion lente;<\/li>\n<li>V\u00e9randa avec moustiquaire ;<\/li>\n<li>Table de pique-nique;<\/li>\n<li>Feu de camp\u00a0;<\/li>\n<li>BBQ au propane (Disponible pendant la saison estivale).<\/li>\n<\/ul>\n<p>&nbsp;<\/p>","protected":false},"excerpt":{"rendered":"<p><strong>Capacit\u00e9 : 12 <span class=\"tlid-translation translation\" lang=\"fr\"><span class=\"\" title=\"\">personnes<\/span><\/span><\/strong><\/p>\n<p><strong>Avec P\u00eache \u00e0 partir de :<\/strong><br \/>\n$135\/nuit\/personne<\/p>\n<p><strong>Sans p\u00eache \u00e0 partir de :<\/strong><br \/>\n$90\/nuit\/personne<\/p>\n<p><strong>NB:<\/strong> Enfants de 0 \u00e0 11 ans, gratuit<br \/>\nAdos 12-15 ans, moiti\u00e9 prix<br \/>\nPersonne : 16 ans et plus, tarif adulte<\/p>","protected":false},"featured_media":15623,"comment_status":"open","ping_status":"closed","template":"","meta":[],"product_brand":[],"product_cat":[84,87],"product_tag":[81],"class_list":{"0":"post-8904","1":"product","2":"type-product","3":"status-publish","4":"has-post-thumbnail","6":"product_cat-all-cottages-and-camps","7":"product_cat-a-la-croix-lake","8":"product_tag-cottage-chalet","10":"first","11":"instock","12":"virtual","13":"product-type-simple"},"_links":{"self":[{"href":"https:\/\/informerazzi.ca\/fr\/wp-json\/wp\/v2\/product\/8904","targetHints":{"allow":["GET"]}}],"collection":[{"href":"https:\/\/informerazzi.ca\/fr\/wp-json\/wp\/v2\/product"}],"about":[{"href":"https:\/\/informerazzi.ca\/fr\/wp-json\/wp\/v2\/types\/product"}],"replies":[{"embeddable":true,"href":"https:\/\/informerazzi.ca\/fr\/wp-json\/wp\/v2\/comments?post=8904"}],"version-history":[{"count":9,"href":"https:\/\/informerazzi.ca\/fr\/wp-json\/wp\/v2\/product\/8904\/revisions"}],"predecessor-version":[{"id":16653,"href":"https:\/\/informerazzi.ca\/fr\/wp-json\/wp\/v2\/product\/8904\/revisions\/16653"}],"wp:featuredmedia":[{"embeddable":true,"href":"https:\/\/informerazzi.ca\/fr\/wp-json\/wp\/v2\/media\/15623"}],"wp:attachment":[{"href":"https:\/\/informerazzi.ca\/fr\/wp-json\/wp\/v2\/media?parent=8904"}],"wp:term":[{"taxonomy":"product_brand","embeddable":true,"href":"https:\/\/informerazzi.ca\/fr\/wp-json\/wp\/v2\/product_brand?post=8904"},{"taxonomy":"product_cat","embeddable":true,"href":"https:\/\/informerazzi.ca\/fr\/wp-json\/wp\/v2\/product_cat?post=8904"},{"taxonomy":"product_tag","embeddable":true,"href":"https:\/\/informerazzi.ca\/fr\/wp-json\/wp\/v2\/product_tag?post=8904"}],"curies":[{"name":"wp","href":"https:\/\/api.w.org\/{rel}","templated":true}]}}